{"id":238788,"date":"2025-02-02T23:37:41","date_gmt":"2025-02-02T20:37:41","guid":{"rendered":"https:\/\/www.humanforhumanity.org\/gonullu-basvuru-formu\/"},"modified":"2025-04-05T19:26:52","modified_gmt":"2025-04-05T16:26:52","slug":"gonullu-basvuru-formu","status":"publish","type":"page","link":"https:\/\/www.humanforhumanity.org\/tr\/gonullu-basvuru-formu\/","title":{"rendered":"G\u00f6n\u00fcll\u00fc Ba\u015fvuru Formu"},"content":{"rendered":"<p>[et_pb_section fb_built=&#8221;1&#8243; admin_label=&#8221;Volunteer Application Form&#8221; _builder_version=&#8221;4.27.4&#8243; _module_preset=&#8221;_initial&#8221; background_color=&#8221;#4b78bf&#8221; locked=&#8221;off&#8221; collapsed=&#8221;off&#8221; global_colors_info=&#8221;{}&#8221;][et_pb_row _builder_version=&#8221;4.25.2&#8243; _module_preset=&#8221;default&#8221; global_colors_info=&#8221;{}&#8221;][et_pb_column type=&#8221;4_4&#8243; _builder_version=&#8221;4.25.2&#8243; _module_preset=&#8221;_initial&#8221; background_color=&#8221;#FFFFFF&#8221; custom_padding=&#8221;60px|60px|60px|60px|true|true&#8221; custom_padding_tablet=&#8221;30px|30px|30px|30px|true|true&#8221; custom_padding_phone=&#8221;20px|20px|20px|20px|true|true&#8221; custom_padding_last_edited=&#8221;on|tablet&#8221; border_radii=&#8221;on|30px|30px|30px|30px&#8221; global_colors_info=&#8221;{}&#8221;][et_pb_heading title=&#8221;G\u00f6n\u00fcll\u00fc Ba\u015fvuru Formu&#8221; _builder_version=&#8221;4.27.4&#8243; _module_preset=&#8221;_initial&#8221; title_text_align=&#8221;center&#8221; title_font_size=&#8221;68px&#8221; title_line_height=&#8221;1.1em&#8221; custom_margin=&#8221;||30px||false|false&#8221; title_font_size_tablet=&#8221;40px&#8221; title_font_size_phone=&#8221;24px&#8221; title_font_size_last_edited=&#8221;on|desktop&#8221; locked=&#8221;off&#8221; global_colors_info=&#8221;{}&#8221;][\/et_pb_heading][et_pb_contact_form captcha=&#8221;off&#8221; email=&#8221;info@humanforhumanity.org&#8221; title=&#8221;G\u00f6n\u00fcll\u00fc Ba\u015fvuru Formu&#8221; custom_message=&#8221;&lt;table&gt;||et_pb_line_break_holder||&lt;tr&gt;&lt;td&gt;&lt;strong&gt;Ad:&lt;\/strong&gt;&lt;\/td&gt;&lt;td&gt;%%name%%&lt;\/td&gt;&lt;\/tr&gt;||et_pb_line_break_holder||&lt;tr&gt;&lt;td&gt;&lt;strong&gt;Do\u011fum Tarihi:&lt;\/strong&gt;&lt;\/td&gt;&lt;td&gt;%%date_of_birth%%&lt;\/td&gt;&lt;\/tr&gt;||et_pb_line_break_holder||&lt;tr&gt;&lt;td&gt;&lt;strong&gt;E-posta Adresi:&lt;\/strong&gt;&lt;\/td&gt;&lt;td&gt;%%email_address%%&lt;\/td&gt;&lt;\/tr&gt;||et_pb_line_break_holder||&lt;tr&gt;&lt;td&gt;&lt;strong&gt;Hangi Alanlarda Destek Vermek \u0130stersiniz?:&lt;\/strong&gt;&lt;\/td&gt;&lt;td&gt;%%areas_to_provide_support%%&lt;\/td&gt;&lt;\/tr&gt;||et_pb_line_break_holder||&lt;tr&gt;&lt;td&gt;&lt;strong&gt;%22Di\u011fer%22 se\u00e7ildi:&lt;\/strong&gt;&lt;\/td&gt;&lt;td&gt;%%area_to_provide_support_other%%&lt;\/td&gt;&lt;\/tr&gt;||et_pb_line_break_holder||&lt;tr&gt;&lt;td&gt;&lt;strong&gt;Daha \u00d6nce Benzer Bir Deneyim Ya\u015fad\u0131n\u0131z m\u0131?:&lt;\/strong&gt;&lt;\/td&gt;&lt;td&gt;%%had_a_similar_experience_before%%&lt;\/td&gt;&lt;\/tr&gt;||et_pb_line_break_holder||&lt;tr&gt;&lt;td&gt;&lt;strong&gt;%22Evet%22 se\u00e7ildi:&lt;\/strong&gt;&lt;\/td&gt;&lt;td&gt;%%had_a_similar_experience_before_yes%%&lt;\/td&gt;&lt;\/tr&gt;||et_pb_line_break_holder||&lt;tr&gt;&lt;td&gt;&lt;strong&gt;Kendiniz Hakk\u0131nda K\u0131sa Bir Bilgi Verebilir misiniz?:&lt;\/strong&gt;&lt;\/td&gt;&lt;td&gt;%%brief_information_about_yourself%%&lt;\/td&gt;&lt;\/tr&gt;||et_pb_line_break_holder||&lt;tr&gt;&lt;td&gt;&lt;strong&gt;Uygun G\u00fcnler ve Saatler:&lt;\/strong&gt;&lt;\/td&gt;&lt;td&gt;%%available_days_and_hours%%&lt;\/td&gt;&lt;\/tr&gt;||et_pb_line_break_holder||&lt;tr&gt;&lt;td&gt;&lt;strong&gt;Eklemek \u0130stedikleriniz:&lt;\/strong&gt;&lt;\/td&gt;&lt;td&gt;%%what_you_want_to_add%%&lt;\/td&gt;&lt;\/tr&gt;||et_pb_line_break_holder||&lt;tr&gt;&lt;td&gt;&lt;strong&gt;KVKK Onay\u0131:&lt;\/strong&gt;&lt;\/td&gt;&lt;td&gt;%%kvkk_approval%%&lt;\/td&gt;&lt;\/tr&gt;||et_pb_line_break_holder||&lt;\/table&gt;&#8221; success_message=&#8221;Ba\u015fvurunuz iletildi. En k\u0131sa s\u00fcrede sizinle ileti\u015fime ge\u00e7ece\u011fiz.&#8221; submit_button_text=&#8221;BA\u015eVUR&#8221; admin_label=&#8221;Contact Form&#8221; module_class=&#8221;pa-contact-form-success-message&#8221; _builder_version=&#8221;4.27.4&#8243; _module_preset=&#8221;_initial&#8221; _unique_id=&#8221;085034b6-2c25-4672-b780-7a967f5e575a&#8221; form_field_background_color=&#8221;rgba(0,0,0,0.04)&#8221; form_field_text_color=&#8221;#000000&#8243; form_field_font_size=&#8221;18px&#8221; form_field_line_height=&#8221;1.8em&#8221; custom_button=&#8221;on&#8221; button_text_size=&#8221;14px&#8221; button_text_color=&#8221;#FFFFFF&#8221; button_bg_color=&#8221;#f48a3b&#8221; button_border_width=&#8221;0px&#8221; button_border_radius=&#8221;30px&#8221; button_letter_spacing=&#8221;2px&#8221; button_font=&#8221;|600|||||||&#8221; button_custom_padding=&#8221;15px|30px|15px|30px|true|true&#8221; title_font_size_tablet=&#8221;&#8221; title_font_size_phone=&#8221;&#8221; title_font_size_last_edited=&#8221;on|phone&#8221; captcha_font_tablet=&#8221;&#8221; captcha_font_phone=&#8221;&#8221; captcha_font_last_edited=&#8221;on|desktop&#8221; form_field_font_size_tablet=&#8221;17px&#8221; form_field_font_size_phone=&#8221;16px&#8221; form_field_font_size_last_edited=&#8221;on|tablet&#8221; custom_css_contact_title=&#8221;display: none;&#8221; border_radii=&#8221;on|10px|10px|10px|10px&#8221; border_width_all=&#8221;1px&#8221; border_color_all=&#8221;rgba(0,0,0,0.12)&#8221; global_colors_info=&#8221;{}&#8221;][et_pb_contact_field field_id=&#8221;name&#8221; field_title=&#8221;Ad *&#8221; _builder_version=&#8221;4.27.4&#8243; _module_preset=&#8221;default&#8221; global_colors_info=&#8221;{}&#8221; button_text_size__hover_enabled=&#8221;off&#8221; button_one_text_size__hover_enabled=&#8221;off&#8221; button_two_text_size__hover_enabled=&#8221;off&#8221; button_text_color__hover_enabled=&#8221;off&#8221; button_one_text_color__hover_enabled=&#8221;off&#8221; button_two_text_color__hover_enabled=&#8221;off&#8221; button_border_width__hover_enabled=&#8221;off&#8221; button_one_border_width__hover_enabled=&#8221;off&#8221; button_two_border_width__hover_enabled=&#8221;off&#8221; button_border_color__hover_enabled=&#8221;off&#8221; button_one_border_color__hover_enabled=&#8221;off&#8221; button_two_border_color__hover_enabled=&#8221;off&#8221; button_border_radius__hover_enabled=&#8221;off&#8221; button_one_border_radius__hover_enabled=&#8221;off&#8221; button_two_border_radius__hover_enabled=&#8221;off&#8221; button_letter_spacing__hover_enabled=&#8221;off&#8221; button_one_letter_spacing__hover_enabled=&#8221;off&#8221; button_two_letter_spacing__hover_enabled=&#8221;off&#8221; button_bg_color__hover_enabled=&#8221;off&#8221; button_one_bg_color__hover_enabled=&#8221;off&#8221; button_two_bg_color__hover_enabled=&#8221;off&#8221;][\/et_pb_contact_field][et_pb_contact_field field_id=&#8221;date_of_birth&#8221; field_title=&#8221;Do\u011fum Tarihi *&#8221; _builder_version=&#8221;4.27.4&#8243; _module_preset=&#8221;default&#8221; global_colors_info=&#8221;{}&#8221;][\/et_pb_contact_field][et_pb_contact_field field_id=&#8221;email_address&#8221; field_title=&#8221;E-posta Adresi *&#8221; field_type=&#8221;email&#8221; _builder_version=&#8221;4.27.4&#8243; _module_preset=&#8221;default&#8221; global_colors_info=&#8221;{}&#8221; button_text_size__hover_enabled=&#8221;off&#8221; button_one_text_size__hover_enabled=&#8221;off&#8221; button_two_text_size__hover_enabled=&#8221;off&#8221; button_text_color__hover_enabled=&#8221;off&#8221; button_one_text_color__hover_enabled=&#8221;off&#8221; button_two_text_color__hover_enabled=&#8221;off&#8221; button_border_width__hover_enabled=&#8221;off&#8221; button_one_border_width__hover_enabled=&#8221;off&#8221; button_two_border_width__hover_enabled=&#8221;off&#8221; button_border_color__hover_enabled=&#8221;off&#8221; button_one_border_color__hover_enabled=&#8221;off&#8221; button_two_border_color__hover_enabled=&#8221;off&#8221; button_border_radius__hover_enabled=&#8221;off&#8221; button_one_border_radius__hover_enabled=&#8221;off&#8221; button_two_border_radius__hover_enabled=&#8221;off&#8221; button_letter_spacing__hover_enabled=&#8221;off&#8221; button_one_letter_spacing__hover_enabled=&#8221;off&#8221; button_two_letter_spacing__hover_enabled=&#8221;off&#8221; button_bg_color__hover_enabled=&#8221;off&#8221; button_one_bg_color__hover_enabled=&#8221;off&#8221; button_two_bg_color__hover_enabled=&#8221;off&#8221;][\/et_pb_contact_field][et_pb_contact_field field_id=&#8221;phone_number&#8221; field_title=&#8221;Telefon Numaras\u0131 *&#8221; _builder_version=&#8221;4.27.4&#8243; _module_preset=&#8221;default&#8221; global_colors_info=&#8221;{}&#8221; button_text_size__hover_enabled=&#8221;off&#8221; button_one_text_size__hover_enabled=&#8221;off&#8221; button_two_text_size__hover_enabled=&#8221;off&#8221; button_text_color__hover_enabled=&#8221;off&#8221; button_one_text_color__hover_enabled=&#8221;off&#8221; button_two_text_color__hover_enabled=&#8221;off&#8221; button_border_width__hover_enabled=&#8221;off&#8221; button_one_border_width__hover_enabled=&#8221;off&#8221; button_two_border_width__hover_enabled=&#8221;off&#8221; button_border_color__hover_enabled=&#8221;off&#8221; button_one_border_color__hover_enabled=&#8221;off&#8221; button_two_border_color__hover_enabled=&#8221;off&#8221; button_border_radius__hover_enabled=&#8221;off&#8221; button_one_border_radius__hover_enabled=&#8221;off&#8221; button_two_border_radius__hover_enabled=&#8221;off&#8221; button_letter_spacing__hover_enabled=&#8221;off&#8221; button_one_letter_spacing__hover_enabled=&#8221;off&#8221; button_two_letter_spacing__hover_enabled=&#8221;off&#8221; button_bg_color__hover_enabled=&#8221;off&#8221; button_one_bg_color__hover_enabled=&#8221;off&#8221; button_two_bg_color__hover_enabled=&#8221;off&#8221;][\/et_pb_contact_field][et_pb_contact_field field_id=&#8221;areas_to_provide_support&#8221; field_title=&#8221;Hangi Alanlarda Destek Vermek \u0130stersiniz? * (L\u00fctfen ilgili alanlar\u0131 se\u00e7iniz) &#8221; field_type=&#8221;checkbox&#8221; checkbox_options=&#8221;%91{%22value%22:%22G\u0131da Da\u011f\u0131t\u0131m\u0131%22,%22checked%22:0,%22dragID%22:-1},{%22value%22:%22Bar\u0131nak Destek Faaliyetleri%22,%22checked%22:0,%22dragID%22:0},{%22value%22:%22E\u011fitim ve At\u00f6lye \u00c7al\u0131\u015fmalar\u0131%22,%22checked%22:0,%22dragID%22:1},{%22value%22:%22Afet B\u00f6lgesi Destek Faaliyetleri%22,%22checked%22:0,%22dragID%22:2},{%22value%22:%22M\u00fcltecilere ve S\u0131\u011f\u0131nmac\u0131lara Yard\u0131m%22,%22checked%22:0,%22dragID%22:3},{%22value%22:%22Di\u011fer%22,%22checked%22:0,%22dragID%22:5}%93&#8243; fullwidth_field=&#8221;on&#8221; _builder_version=&#8221;4.27.4&#8243; _module_preset=&#8221;default&#8221; global_colors_info=&#8221;{}&#8221;][\/et_pb_contact_field][et_pb_contact_field field_id=&#8221;area_to_provide_support_other&#8221; field_title=&#8221;Di\u011fer (L\u00fctfen belirtin)&#8221; field_type=&#8221;text&#8221; required_mark=&#8221;off&#8221; fullwidth_field=&#8221;on&#8221; _builder_version=&#8221;4.27.4&#8243; _module_preset=&#8221;default&#8221; global_colors_info=&#8221;{}&#8221;][\/et_pb_contact_field][et_pb_contact_field field_id=&#8221;had_a_similar_experience_before&#8221; field_title=&#8221;Daha \u00d6nce Benzer Bir Deneyim Ya\u015fad\u0131n\u0131z m\u0131? *&#8221; field_type=&#8221;radio&#8221; radio_options=&#8221;%91{%22value%22:%22Evet%22,%22checked%22:0,%22dragID%22:-1},{%22value%22:%22Hay\u0131r%22,%22checked%22:0,%22dragID%22:0}%93&#8243; fullwidth_field=&#8221;on&#8221; _builder_version=&#8221;4.27.4&#8243; _module_preset=&#8221;default&#8221; global_colors_info=&#8221;{}&#8221;][\/et_pb_contact_field][et_pb_contact_field field_id=&#8221;had_a_similar_experience_before_yes&#8221; field_title=&#8221;Evet (L\u00fctfen k\u0131saca a\u00e7\u0131klay\u0131n\u0131z)&#8221; field_type=&#8221;text&#8221; required_mark=&#8221;off&#8221; fullwidth_field=&#8221;on&#8221; _builder_version=&#8221;4.27.4&#8243; _module_preset=&#8221;default&#8221; global_colors_info=&#8221;{}&#8221;][\/et_pb_contact_field][et_pb_contact_field field_id=&#8221;brief_information_about_yourself&#8221; field_title=&#8221;Kendiniz Hakk\u0131nda K\u0131sa Bir Bilgi Verebilir misiniz? * (Burada g\u00f6n\u00fcll\u00fc olmak istemenizin nedenlerini ve becerilerinizi payla\u015fabilirsiniz.) &#8221; field_type=&#8221;text&#8221; fullwidth_field=&#8221;on&#8221; _builder_version=&#8221;4.27.4&#8243; _module_preset=&#8221;default&#8221; global_colors_info=&#8221;{}&#8221;][\/et_pb_contact_field][et_pb_contact_field field_id=&#8221;available_days_and_hours&#8221; field_title=&#8221;Uygun G\u00fcnler ve Saatler *&#8221; field_type=&#8221;text&#8221; fullwidth_field=&#8221;on&#8221; _builder_version=&#8221;4.27.4&#8243; _module_preset=&#8221;default&#8221; global_colors_info=&#8221;{}&#8221;][\/et_pb_contact_field][et_pb_contact_field field_id=&#8221;what_you_want_to_add&#8221; field_title=&#8221;Eklemek \u0130stedikleriniz&#8221; field_type=&#8221;text&#8221; required_mark=&#8221;off&#8221; fullwidth_field=&#8221;on&#8221; _builder_version=&#8221;4.27.4&#8243; _module_preset=&#8221;default&#8221; global_colors_info=&#8221;{}&#8221;][\/et_pb_contact_field][et_pb_contact_field field_id=&#8221;kvkk_approval&#8221; field_title=&#8221;KVKK Onay\u0131 *&#8221; field_type=&#8221;radio&#8221; radio_options=&#8221;%91{%22value%22:%22Ba\u015fvuru formunda payla\u015ft\u0131\u011f\u0131m bilgilerin Humanforhumanity taraf\u0131ndan de\u011ferlendirilmesine ve saklanmas\u0131na izin veriyorum.%22,%22checked%22:0,%22dragID%22:-1}%93&#8243; fullwidth_field=&#8221;on&#8221; _builder_version=&#8221;4.27.4&#8243; _module_preset=&#8221;default&#8221; global_colors_info=&#8221;{}&#8221;][\/et_pb_contact_field][\/et_pb_contact_form][\/et_pb_column][\/et_pb_row][\/et_pb_section]<\/p>\n","protected":false},"excerpt":{"rendered":"","protected":false},"author":3,"featured_media":0,"parent":0,"menu_order":21,"comment_status":"closed","ping_status":"closed","template":"","meta":{"_et_pb_use_builder":"on","_et_pb_old_content":"","_et_gb_content_width":"","footnotes":""},"class_list":["post-238788","page","type-page","status-publish","hentry"],"_links":{"self":[{"href":"https:\/\/www.humanforhumanity.org\/tr\/wp-json\/wp\/v2\/pages\/238788","targetHints":{"allow":["GET"]}}],"collection":[{"href":"https:\/\/www.humanforhumanity.org\/tr\/wp-json\/wp\/v2\/pages"}],"about":[{"href":"https:\/\/www.humanforhumanity.org\/tr\/wp-json\/wp\/v2\/types\/page"}],"author":[{"embeddable":true,"href":"https:\/\/www.humanforhumanity.org\/tr\/wp-json\/wp\/v2\/users\/3"}],"replies":[{"embeddable":true,"href":"https:\/\/www.humanforhumanity.org\/tr\/wp-json\/wp\/v2\/comments?post=238788"}],"version-history":[{"count":0,"href":"https:\/\/www.humanforhumanity.org\/tr\/wp-json\/wp\/v2\/pages\/238788\/revisions"}],"wp:attachment":[{"href":"https:\/\/www.humanforhumanity.org\/tr\/wp-json\/wp\/v2\/media?parent=238788"}],"curies":[{"name":"wp","href":"https:\/\/api.w.org\/{rel}","templated":true}]}}