{"id":238785,"date":"2025-02-02T15:36:13","date_gmt":"2025-02-02T12:36:13","guid":{"rendered":"https:\/\/www.humanforhumanity.org\/bize-ulasin\/"},"modified":"2025-04-05T19:26:28","modified_gmt":"2025-04-05T16:26:28","slug":"bize-ulasin","status":"publish","type":"page","link":"https:\/\/www.humanforhumanity.org\/tr\/bize-ulasin\/","title":{"rendered":"Bize Ula\u015f\u0131n"},"content":{"rendered":"<p>[et_pb_section fb_built=&#8221;1&#8243; admin_label=&#8221;Get In Touch&#8221; _builder_version=&#8221;4.27.4&#8243; _module_preset=&#8221;_initial&#8221; background_color=&#8221;#042860&#8243; locked=&#8221;off&#8221; collapsed=&#8221;on&#8221; global_colors_info=&#8221;{}&#8221;][et_pb_row _builder_version=&#8221;4.25.2&#8243; _module_preset=&#8221;default&#8221; global_colors_info=&#8221;{}&#8221;][et_pb_column type=&#8221;4_4&#8243; _builder_version=&#8221;4.25.2&#8243; _module_preset=&#8221;_initial&#8221; background_color=&#8221;#FFFFFF&#8221; custom_padding=&#8221;60px|60px|60px|60px|true|true&#8221; custom_padding_tablet=&#8221;30px|30px|30px|30px|true|true&#8221; custom_padding_phone=&#8221;20px|20px|20px|20px|true|true&#8221; custom_padding_last_edited=&#8221;on|tablet&#8221; border_radii=&#8221;on|30px|30px|30px|30px&#8221; global_colors_info=&#8221;{}&#8221;][et_pb_heading title=&#8221;Bize Ula\u015f&#8221; _builder_version=&#8221;4.27.4&#8243; _module_preset=&#8221;_initial&#8221; title_text_align=&#8221;center&#8221; title_font_size=&#8221;68px&#8221; title_line_height=&#8221;1.1em&#8221; custom_margin=&#8221;||30px||false|false&#8221; title_font_size_tablet=&#8221;40px&#8221; title_font_size_phone=&#8221;24px&#8221; title_font_size_last_edited=&#8221;on|desktop&#8221; locked=&#8221;off&#8221; global_colors_info=&#8221;{}&#8221;][\/et_pb_heading][et_pb_contact_form captcha=&#8221;off&#8221; email=&#8221;info@humanforhumanity.org&#8221; title=&#8221;Bize Ula\u015f&#8221; custom_message=&#8221;&lt;table&gt;||et_pb_line_break_holder||&lt;tr&gt;&lt;td&gt;&lt;strong&gt;Ad:&lt;\/strong&gt;&lt;\/td&gt;&lt;td&gt;%%name%%&lt;\/td&gt;&lt;\/tr&gt;||et_pb_line_break_holder||&lt;tr&gt;&lt;td&gt;&lt;strong&gt;E-posta Adresi:&lt;\/strong&gt;&lt;\/td&gt;&lt;td&gt;%%email_address%%&lt;\/td&gt;&lt;\/tr&gt;||et_pb_line_break_holder||&lt;tr&gt;&lt;td&gt;&lt;strong&gt;Mesaj:&lt;\/strong&gt;&lt;\/td&gt;&lt;td&gt;%%message%%&lt;\/td&gt;&lt;\/tr&gt;||et_pb_line_break_holder||&lt;\/table&gt;&#8221; success_message=&#8221;Mesaj\u0131n\u0131z g\u00f6nderildi. En k\u0131sa s\u00fcrede sizinle ileti\u015fime ge\u00e7ece\u011fiz. &#8221; submit_button_text=&#8221;G\u00d6NDER&#8221; module_class=&#8221;pa-contact-form-success-message&#8221; _builder_version=&#8221;4.27.4&#8243; _module_preset=&#8221;_initial&#8221; _unique_id=&#8221;085034b6-2c25-4672-b780-7a967f5e575a&#8221; form_field_background_color=&#8221;rgba(0,0,0,0.04)&#8221; form_field_text_color=&#8221;#000000&#8243; form_field_font_size=&#8221;18px&#8221; form_field_line_height=&#8221;1.8em&#8221; custom_button=&#8221;on&#8221; button_text_size=&#8221;14px&#8221; button_text_color=&#8221;#FFFFFF&#8221; button_bg_color=&#8221;#f48a3b&#8221; button_border_width=&#8221;0px&#8221; button_border_radius=&#8221;30px&#8221; button_letter_spacing=&#8221;2px&#8221; button_font=&#8221;|600|||||||&#8221; button_custom_padding=&#8221;15px|30px|15px|30px|true|true&#8221; title_font_size_tablet=&#8221;&#8221; title_font_size_phone=&#8221;&#8221; title_font_size_last_edited=&#8221;on|phone&#8221; captcha_font_tablet=&#8221;&#8221; captcha_font_phone=&#8221;&#8221; captcha_font_last_edited=&#8221;on|desktop&#8221; form_field_font_size_tablet=&#8221;17px&#8221; form_field_font_size_phone=&#8221;16px&#8221; form_field_font_size_last_edited=&#8221;on|desktop&#8221; custom_css_contact_title=&#8221;display: none;&#8221; border_radii=&#8221;on|10px|10px|10px|10px&#8221; border_width_all=&#8221;1px&#8221; border_color_all=&#8221;rgba(0,0,0,0.12)&#8221; global_colors_info=&#8221;{}&#8221;][et_pb_contact_field field_id=&#8221;name&#8221; field_title=&#8221;Ad *&#8221; _builder_version=&#8221;4.27.4&#8243; _module_preset=&#8221;default&#8221; global_colors_info=&#8221;{}&#8221; button_text_size__hover_enabled=&#8221;off&#8221; button_one_text_size__hover_enabled=&#8221;off&#8221; button_two_text_size__hover_enabled=&#8221;off&#8221; button_text_color__hover_enabled=&#8221;off&#8221; button_one_text_color__hover_enabled=&#8221;off&#8221; button_two_text_color__hover_enabled=&#8221;off&#8221; button_border_width__hover_enabled=&#8221;off&#8221; button_one_border_width__hover_enabled=&#8221;off&#8221; button_two_border_width__hover_enabled=&#8221;off&#8221; button_border_color__hover_enabled=&#8221;off&#8221; button_one_border_color__hover_enabled=&#8221;off&#8221; button_two_border_color__hover_enabled=&#8221;off&#8221; button_border_radius__hover_enabled=&#8221;off&#8221; button_one_border_radius__hover_enabled=&#8221;off&#8221; button_two_border_radius__hover_enabled=&#8221;off&#8221; button_letter_spacing__hover_enabled=&#8221;off&#8221; button_one_letter_spacing__hover_enabled=&#8221;off&#8221; button_two_letter_spacing__hover_enabled=&#8221;off&#8221; button_bg_color__hover_enabled=&#8221;off&#8221; button_one_bg_color__hover_enabled=&#8221;off&#8221; button_two_bg_color__hover_enabled=&#8221;off&#8221;][\/et_pb_contact_field][et_pb_contact_field field_id=&#8221;email_address&#8221; field_title=&#8221;E-posta Adresi *&#8221; field_type=&#8221;email&#8221; _builder_version=&#8221;4.27.4&#8243; _module_preset=&#8221;default&#8221; global_colors_info=&#8221;{}&#8221; button_text_size__hover_enabled=&#8221;off&#8221; button_one_text_size__hover_enabled=&#8221;off&#8221; button_two_text_size__hover_enabled=&#8221;off&#8221; button_text_color__hover_enabled=&#8221;off&#8221; button_one_text_color__hover_enabled=&#8221;off&#8221; button_two_text_color__hover_enabled=&#8221;off&#8221; button_border_width__hover_enabled=&#8221;off&#8221; button_one_border_width__hover_enabled=&#8221;off&#8221; button_two_border_width__hover_enabled=&#8221;off&#8221; button_border_color__hover_enabled=&#8221;off&#8221; button_one_border_color__hover_enabled=&#8221;off&#8221; button_two_border_color__hover_enabled=&#8221;off&#8221; button_border_radius__hover_enabled=&#8221;off&#8221; button_one_border_radius__hover_enabled=&#8221;off&#8221; button_two_border_radius__hover_enabled=&#8221;off&#8221; button_letter_spacing__hover_enabled=&#8221;off&#8221; button_one_letter_spacing__hover_enabled=&#8221;off&#8221; button_two_letter_spacing__hover_enabled=&#8221;off&#8221; button_bg_color__hover_enabled=&#8221;off&#8221; button_one_bg_color__hover_enabled=&#8221;off&#8221; button_two_bg_color__hover_enabled=&#8221;off&#8221;][\/et_pb_contact_field][et_pb_contact_field field_id=&#8221;message&#8221; field_title=&#8221;Mesaj *&#8221; field_type=&#8221;text&#8221; fullwidth_field=&#8221;on&#8221; _builder_version=&#8221;4.27.4&#8243; _module_preset=&#8221;default&#8221; global_colors_info=&#8221;{}&#8221; button_text_size__hover_enabled=&#8221;off&#8221; button_one_text_size__hover_enabled=&#8221;off&#8221; button_two_text_size__hover_enabled=&#8221;off&#8221; button_text_color__hover_enabled=&#8221;off&#8221; button_one_text_color__hover_enabled=&#8221;off&#8221; button_two_text_color__hover_enabled=&#8221;off&#8221; button_border_width__hover_enabled=&#8221;off&#8221; button_one_border_width__hover_enabled=&#8221;off&#8221; button_two_border_width__hover_enabled=&#8221;off&#8221; button_border_color__hover_enabled=&#8221;off&#8221; button_one_border_color__hover_enabled=&#8221;off&#8221; button_two_border_color__hover_enabled=&#8221;off&#8221; button_border_radius__hover_enabled=&#8221;off&#8221; button_one_border_radius__hover_enabled=&#8221;off&#8221; button_two_border_radius__hover_enabled=&#8221;off&#8221; button_letter_spacing__hover_enabled=&#8221;off&#8221; button_one_letter_spacing__hover_enabled=&#8221;off&#8221; button_two_letter_spacing__hover_enabled=&#8221;off&#8221; button_bg_color__hover_enabled=&#8221;off&#8221; button_one_bg_color__hover_enabled=&#8221;off&#8221; button_two_bg_color__hover_enabled=&#8221;off&#8221;][\/et_pb_contact_field][\/et_pb_contact_form][\/et_pb_column][\/et_pb_row][et_pb_row column_structure=&#8221;1_3,1_3,1_3&#8243; make_equal=&#8221;on&#8221; custom_padding_last_edited=&#8221;on|desktop&#8221; _builder_version=&#8221;4.27.4&#8243; _module_preset=&#8221;default&#8221; custom_margin=&#8221;||-100px||false|false&#8221; custom_margin_tablet=&#8221;||auto||false|false&#8221; custom_margin_phone=&#8221;||auto||false|false&#8221; custom_margin_last_edited=&#8221;on|desktop&#8221; custom_padding=&#8221;||0px||false|false&#8221; custom_padding_tablet=&#8221;||0px||false|false&#8221; custom_padding_phone=&#8221;||0px||false|false&#8221; global_colors_info=&#8221;{}&#8221;][et_pb_column type=&#8221;1_3&#8243; _builder_version=&#8221;4.27.4&#8243; _module_preset=&#8221;_initial&#8221; background_color=&#8221;#FFFFFF&#8221; border_radii=&#8221;on|30px|30px|30px|30px&#8221; global_colors_info=&#8221;{}&#8221;][et_pb_blurb title=&#8221;Bizi Ziyaret Edin&#8221; use_icon=&#8221;on&#8221; font_icon=&#8221;&#xf3c5;||fa||900&#8243; icon_color=&#8221;#042860&#8243; image_icon_width=&#8221;60px&#8221; _builder_version=&#8221;4.27.4&#8243; _module_preset=&#8221;_initial&#8221; header_level=&#8221;h2&#8243; header_text_color=&#8221;#042860&#8243; header_font_size=&#8221;25px&#8221; header_line_height=&#8221;1.3em&#8221; body_text_color=&#8221;#042860&#8243; body_font_size=&#8221;18px&#8221; body_line_height=&#8221;1.8em&#8221; text_orientation=&#8221;center&#8221; custom_padding=&#8221;30px|30px|30px|30px|true|true&#8221; header_font_size_tablet=&#8221;21px&#8221; header_font_size_phone=&#8221;17px&#8221; header_font_size_last_edited=&#8221;on|desktop&#8221; body_font_size_tablet=&#8221;17px&#8221; body_font_size_phone=&#8221;16px&#8221; body_font_size_last_edited=&#8221;on|phone&#8221; border_radii=&#8221;on|30px|30px|30px|30px&#8221; global_colors_info=&#8221;{%22gcid-d7cd5a78-aaef-4f36-82a3-4d3706015cba%22:%91%22link_text_color%22,%22link_text_color%22%93,%22gcid-1f1b4e15-7cc6-4e13-8154-74d77a956460%22:%91%22link_text_color%22,%22quote_text_color%22,%22quote_border_color%22%93}&#8221;]<\/p>\n<p>\u00c7\u0131narl\u0131 Mah. 61027 Sok. Erdeve \u0130n\u015faat Mirzabey Rezidans No:17 SEYHAN\/ADANA  <\/p>\n<p>[\/et_pb_blurb][\/et_pb_column][et_pb_column type=&#8221;1_3&#8243; _builder_version=&#8221;4.25.2&#8243; _module_preset=&#8221;_initial&#8221; background_color=&#8221;#FFFFFF&#8221; border_radii=&#8221;on|30px|30px|30px|30px&#8221; global_colors_info=&#8221;{}&#8221;][et_pb_blurb title=&#8221;Bizi Aray\u0131n&#8221; use_icon=&#8221;on&#8221; font_icon=&#8221;&#xf3cd;||fa||900&#8243; icon_color=&#8221;#042860&#8243; image_icon_width=&#8221;60px&#8221; _builder_version=&#8221;4.27.4&#8243; _module_preset=&#8221;_initial&#8221; header_level=&#8221;h2&#8243; header_text_color=&#8221;#042860&#8243; header_font_size=&#8221;25px&#8221; header_line_height=&#8221;1.3em&#8221; body_text_color=&#8221;#042860&#8243; body_font_size=&#8221;18px&#8221; body_line_height=&#8221;1.8em&#8221; text_orientation=&#8221;center&#8221; custom_padding=&#8221;30px|30px|30px|30px|true|true&#8221; link_option_url=&#8221;tel:+905321786819&#8243; link_option_url_new_window=&#8221;on&#8221; header_font_size_tablet=&#8221;21px&#8221; header_font_size_phone=&#8221;17px&#8221; header_font_size_last_edited=&#8221;on|desktop&#8221; body_font_size_tablet=&#8221;17px&#8221; body_font_size_phone=&#8221;16px&#8221; body_font_size_last_edited=&#8221;on|phone&#8221; border_radii=&#8221;on|30px|30px|30px|30px&#8221; locked=&#8221;off&#8221; global_colors_info=&#8221;{%22gcid-d7cd5a78-aaef-4f36-82a3-4d3706015cba%22:%91%22link_text_color%22,%22link_text_color%22,%22link_text_color%22,%22link_text_color%22,%22link_text_color%22,%22link_text_color%22,%22link_text_color%22%93,%22gcid-1f1b4e15-7cc6-4e13-8154-74d77a956460%22:%91%22link_text_color%22,%22quote_text_color%22,%22quote_border_color%22,%22link_text_color%22,%22quote_text_color%22,%22quote_border_color%22,%22icon_color%22,%22link_text_color%22,%22quote_text_color%22,%22quote_border_color%22,%22link_text_color%22,%22quote_text_color%22,%22quote_border_color%22%93}&#8221;]<\/p>\n<p>+90 532 178 68 19<\/p>\n<p>[\/et_pb_blurb][\/et_pb_column][et_pb_column type=&#8221;1_3&#8243; _builder_version=&#8221;4.25.2&#8243; _module_preset=&#8221;_initial&#8221; background_color=&#8221;#FFFFFF&#8221; border_radii=&#8221;on|30px|30px|30px|30px&#8221; global_colors_info=&#8221;{}&#8221;][et_pb_blurb title=&#8221;Bize Yaz\u0131n&#8221; use_icon=&#8221;on&#8221; font_icon=&#8221;&#xf0e0;||fa||400&#8243; icon_color=&#8221;#042860&#8243; image_icon_width=&#8221;60px&#8221; _builder_version=&#8221;4.27.4&#8243; _module_preset=&#8221;_initial&#8221; header_level=&#8221;h2&#8243; header_text_color=&#8221;#042860&#8243; header_font_size=&#8221;25px&#8221; header_line_height=&#8221;1.3em&#8221; body_text_color=&#8221;#042860&#8243; body_font_size=&#8221;18px&#8221; body_line_height=&#8221;1.8em&#8221; text_orientation=&#8221;center&#8221; custom_padding=&#8221;30px|30px|30px|30px|true|true&#8221; link_option_url=&#8221;mailto:info@humanforhumanity.org&#8221; link_option_url_new_window=&#8221;on&#8221; header_font_size_tablet=&#8221;21px&#8221; header_font_size_phone=&#8221;17px&#8221; header_font_size_last_edited=&#8221;on|desktop&#8221; body_font_size_tablet=&#8221;17px&#8221; body_font_size_phone=&#8221;16px&#8221; body_font_size_last_edited=&#8221;on|phone&#8221; border_radii=&#8221;on|30px|30px|30px|30px&#8221; locked=&#8221;off&#8221; global_colors_info=&#8221;{%22gcid-d7cd5a78-aaef-4f36-82a3-4d3706015cba%22:%91%22link_text_color%22,%22link_text_color%22,%22link_text_color%22,%22link_text_color%22,%22link_text_color%22,%22link_text_color%22,%22link_text_color%22%93,%22gcid-1f1b4e15-7cc6-4e13-8154-74d77a956460%22:%91%22link_text_color%22,%22quote_text_color%22,%22quote_border_color%22,%22link_text_color%22,%22quote_text_color%22,%22quote_border_color%22,%22icon_color%22,%22link_text_color%22,%22quote_text_color%22,%22quote_border_color%22,%22link_text_color%22,%22quote_text_color%22,%22quote_border_color%22%93,%22gcid-4c79ba3d-a281-4fb6-9b14-02f9a4c793f2%22:%91%22icon_color%22%93}&#8221;]<\/p>\n<p>info@humanforhumanity.org<\/p>\n<p>[\/et_pb_blurb][\/et_pb_column][\/et_pb_row][\/et_pb_section][et_pb_section fb_built=&#8221;1&#8243; admin_label=&#8221;Google Map&#8221; _builder_version=&#8221;4.27.4&#8243; _module_preset=&#8221;default&#8221; z_index=&#8221;1&#8243; custom_padding=&#8221;0px|0px|0px|0px|true|true&#8221; collapsed=&#8221;on&#8221; global_colors_info=&#8221;{}&#8221;][et_pb_row _builder_version=&#8221;4.27.4&#8243; _module_preset=&#8221;default&#8221; width=&#8221;100%&#8221; max_width=&#8221;100%&#8221; custom_padding=&#8221;0px|0px|0px|0px|true|true&#8221; global_colors_info=&#8221;{}&#8221;][et_pb_column type=&#8221;4_4&#8243; _builder_version=&#8221;4.27.4&#8243; _module_preset=&#8221;default&#8221; custom_css_main_element=&#8221;line-height: 0;&#8221; global_colors_info=&#8221;{}&#8221;][et_pb_code _builder_version=&#8221;4.27.4&#8243; _module_preset=&#8221;default&#8221; global_colors_info=&#8221;{}&#8221;]<iframe title=\"Google Maps\" src=\"https:\/\/www.google.com\/maps\/embed?pb=!1m18!1m12!1m3!1d6373.39012025195!2d35.31705549504437!3d36.99321142810079!2m3!1f0!2f0!3f0!3m2!1i1024!2i768!4f13.1!3m3!1m2!1s0x15288f432e928f57%3A0xa0a611a50431437f!2zw4fEsW5hcmzEsSwgNjEwMjcuIFNrLiBObzoxNywgMDExMjAgU2V5aGFuL0FkYW5h!5e0!3m2!1str!2str!4v1743090712917!5m2!1str!2str\" height=\"500\" style=\"width:100%; border:0;\" allowfullscreen=\"\" loading=\"lazy\" referrerpolicy=\"no-referrer-when-downgrade\"><\/iframe>[\/et_pb_code][\/et_pb_column][\/et_pb_row][\/et_pb_section][et_pb_section fb_built=&#8221;1&#8243; admin_label=&#8221;Subscribe Our Email List&#8221; _builder_version=&#8221;4.27.4&#8243; _module_preset=&#8221;default&#8221; background_color=&#8221;#ebebeb&#8221; collapsed=&#8221;on&#8221; global_colors_info=&#8221;{}&#8221;][et_pb_row _builder_version=&#8221;4.27.4&#8243; _module_preset=&#8221;default&#8221; scroll_fade_enable=&#8221;on&#8221; global_colors_info=&#8221;{}&#8221;][et_pb_column type=&#8221;4_4&#8243; _builder_version=&#8221;4.27.4&#8243; _module_preset=&#8221;_initial&#8221; background_color=&#8221;#FFFFFF&#8221; custom_padding=&#8221;60px|60px|60px|60px|true|true&#8221; custom_padding_tablet=&#8221;30px|30px|30px|30px|true|true&#8221; custom_padding_phone=&#8221;20px|20px|20px|20px|true|true&#8221; custom_padding_last_edited=&#8221;on|phone&#8221; border_radii=&#8221;on|30px|30px|30px|30px&#8221; global_colors_info=&#8221;{}&#8221;][et_pb_signup mailchimp_list=&#8221;Mailchimp|9fc427331f&#8221; layout=&#8221;top_bottom&#8221; title=&#8221;E-posta Listemize Abone Olun&#8221; button_text=&#8221;ABONE OL&#8221; admin_label=&#8221;Email Optin&#8221; _builder_version=&#8221;4.27.4&#8243; _module_preset=&#8221;_initial&#8221; form_field_background_color=&#8221;rgba(0,0,0,0.04)&#8221; form_field_text_color=&#8221;#000000&#8243; header_font_size=&#8221;52px&#8221; header_line_height=&#8221;1.2em&#8221; body_font_size=&#8221;18px&#8221; body_line_height=&#8221;1.8em&#8221; form_field_font_size=&#8221;18px&#8221; form_field_line_height=&#8221;1.8em&#8221; use_background_color=&#8221;off&#8221; custom_button=&#8221;on&#8221; button_text_size=&#8221;14px&#8221; button_text_color=&#8221;#FFFFFF&#8221; button_bg_color=&#8221;#f48a3b&#8221; button_border_width=&#8221;0px&#8221; button_border_radius=&#8221;30px&#8221; button_letter_spacing=&#8221;2px&#8221; button_font=&#8221;|600|||||||&#8221; button_custom_padding=&#8221;15px|30px|15px|30px|true|true&#8221; text_orientation=&#8221;center&#8221; background_layout=&#8221;light&#8221; max_width=&#8221;700px&#8221; module_alignment=&#8221;center&#8221; header_font_size_tablet=&#8221;32px&#8221; header_font_size_phone=&#8221;20px&#8221; header_font_size_last_edited=&#8221;on|phone&#8221; body_font_size_tablet=&#8221;17px&#8221; body_font_size_phone=&#8221;16px&#8221; body_font_size_last_edited=&#8221;on|desktop&#8221; form_field_font_size_tablet=&#8221;17px&#8221; form_field_font_size_phone=&#8221;16px&#8221; form_field_font_size_last_edited=&#8221;on|desktop&#8221; border_radii_fields=&#8221;on|10px|10px|10px|10px&#8221; border_width_all_fields=&#8221;1px&#8221; border_color_all_fields=&#8221;rgba(0,0,0,0.12)&#8221; locked=&#8221;off&#8221; global_colors_info=&#8221;{%22gcid-d7cd5a78-aaef-4f36-82a3-4d3706015cba%22:%91%22link_text_color%22,%22link_text_color%22%93,%22gcid-1f1b4e15-7cc6-4e13-8154-74d77a956460%22:%91%22link_text_color%22,%22quote_text_color%22,%22quote_border_color%22,%22quote_text_color%22,%22quote_border_color%22,%22link_text_color%22,%22quote_border_color%22,%22link_text_color%22,%22quote_text_color%22,%22quote_border_color%22,%22link_text_color%22,%22quote_text_color%22%93}&#8221; link_font_size_tablet=&#8221;15px&#8221; link_font_size_phone=&#8221;14px&#8221; link_font_size_last_edited=&#8221;on|desktop&#8221; quote_font_size_tablet=&#8221;18px&#8221; quote_font_size_phone=&#8221;16px&#8221; quote_font_size_last_edited=&#8221;on|desktop&#8221; button_text_color__hover_enabled=&#8221;on|desktop&#8221; button_text_color__hover=&#8221;#FFFFFF&#8221; button_bg_color__hover_enabled=&#8221;on|hover&#8221; button_bg_color__hover=&#8221;#f48a3b&#8221; button_bg_enable_color__hover=&#8221;on&#8221;][\/et_pb_signup][\/et_pb_column][\/et_pb_row][\/et_pb_section][et_pb_section fb_built=&#8221;1&#8243; admin_label=&#8221;Stronger Together&#8221; _builder_version=&#8221;4.26.0&#8243; _module_preset=&#8221;_initial&#8221; use_background_color_gradient=&#8221;on&#8221; background_color_gradient_type=&#8221;circular&#8221; background_color_gradient_direction_radial=&#8221;top left&#8221; background_color_gradient_stops=&#8221;rgba(255,255,255,0) 0%|gcid-2352d280-fe84-43b1-a71e-f400c35a526a 80%&#8221; background_color_gradient_overlays_image=&#8221;on&#8221; background_image=&#8221;https:\/\/www.humanforhumanity.org\/wp-content\/uploads\/2025\/01\/non-profit-01.jpg&#8221; collapsed=&#8221;on&#8221; global_colors_info=&#8221;{%22gcid-2352d280-fe84-43b1-a71e-f400c35a526a%22:%91%22background_color_gradient_stops%22%93}&#8221;][et_pb_row _builder_version=&#8221;4.27.4&#8243; _module_preset=&#8221;default&#8221; scroll_fade_enable=&#8221;on&#8221; global_colors_info=&#8221;{}&#8221;][et_pb_column type=&#8221;4_4&#8243; _builder_version=&#8221;4.25.1&#8243; _module_preset=&#8221;_initial&#8221; global_colors_info=&#8221;{}&#8221;][et_pb_heading title=&#8221;Birlikte Daha G\u00fc\u00e7l\u00fcy\u00fcz&#8221; _builder_version=&#8221;4.27.4&#8243; _module_preset=&#8221;_initial&#8221; title_level=&#8221;h2&#8243; title_text_color=&#8221;#FFFFFF&#8221; title_font_size=&#8221;52px&#8221; title_line_height=&#8221;1.2em&#8221; title_font_size_tablet=&#8221;32px&#8221; title_font_size_phone=&#8221;20px&#8221; title_font_size_last_edited=&#8221;on|phone&#8221; global_colors_info=&#8221;{}&#8221;][\/et_pb_heading][et_pb_text _builder_version=&#8221;4.27.4&#8243; _module_preset=&#8221;default&#8221; text_text_color=&#8221;#FFFFFF&#8221; text_font_size=&#8221;30px&#8221; text_line_height=&#8221;1.8em&#8221; text_font_size_tablet=&#8221;25px&#8221; text_font_size_phone=&#8221;16px&#8221; text_font_size_last_edited=&#8221;on|desktop&#8221; global_colors_info=&#8221;{}&#8221;]<\/p>\n<p>G\u00f6n\u00fcll\u00fcl\u00fck, sadece ba\u015fkalar\u0131na yard\u0131m etmek de\u011fil; ayn\u0131 zamanda kendinizi d\u00f6n\u00fc\u015ft\u00fcrmektir. Bize kat\u0131l\u0131n ve birlikte daha b\u00fcy\u00fck bir etki yaratal\u0131m.<\/p>\n<p>[\/et_pb_text][et_pb_button button_url=&#8221;@ET-DC@eyJkeW5hbWljIjp0cnVlLCJjb250ZW50IjoicG9zdF9saW5rX3VybF9wYWdlIiwic2V0dGluZ3MiOnsicG9zdF9pZCI6IjIzODIzMiJ9fQ==@&#8221; button_text=&#8221;G\u00d6N\u00dcLL\u00dc OL&#8221; button_alignment_tablet=&#8221;&#8221; button_alignment_phone=&#8221;&#8221; button_alignment_last_edited=&#8221;on|tablet&#8221; _builder_version=&#8221;4.27.4&#8243; _dynamic_attributes=&#8221;button_url&#8221; _module_preset=&#8221;94ef7aca-dcd9-4f9d-93b2-efa3466cebc7&#8243; custom_button=&#8221;on&#8221; button_text_size=&#8221;14px&#8221; button_text_color=&#8221;#f48a3b&#8221; button_bg_color=&#8221;#FFFFFF&#8221; button_border_width=&#8221;1px&#8221; button_border_color=&#8221;#f48a3b&#8221; button_border_radius=&#8221;30px&#8221; button_letter_spacing=&#8221;2px&#8221; button_font=&#8221;|600|||||||&#8221; custom_padding=&#8221;15px|30px|15px|30px|true|true&#8221; locked=&#8221;off&#8221; global_colors_info=&#8221;{}&#8221; button_text_color__hover_enabled=&#8221;on|hover&#8221; button_text_color__hover=&#8221;#ffffff&#8221; button_bg_color__hover_enabled=&#8221;on|hover&#8221; button_bg_color__hover=&#8221;#f48a3b&#8221; button_bg_enable_color__hover=&#8221;on&#8221;][\/et_pb_button][\/et_pb_column][\/et_pb_row][\/et_pb_section]<\/p>\n","protected":false},"excerpt":{"rendered":"<p>\u00c7\u0131narl\u0131 Mah. 61027 Sok. Erdeve \u0130n\u015faat Mirzabey Rezidans No:17 SEYHAN\/ADANA +90 532 178 68 19info@humanforhumanity.orgG\u00f6n\u00fcll\u00fcl\u00fck, sadece ba\u015fkalar\u0131na yard\u0131m etmek de\u011fil; ayn\u0131 zamanda kendinizi d\u00f6n\u00fc\u015ft\u00fcrmektir. Bize kat\u0131l\u0131n ve birlikte daha b\u00fcy\u00fck bir etki yaratal\u0131m.<\/p>\n","protected":false},"author":3,"featured_media":0,"parent":0,"menu_order":16,"comment_status":"closed","ping_status":"closed","template":"","meta":{"_et_pb_use_builder":"on","_et_pb_old_content":"","_et_gb_content_width":"","footnotes":""},"class_list":["post-238785","page","type-page","status-publish","hentry"],"_links":{"self":[{"href":"https:\/\/www.humanforhumanity.org\/tr\/wp-json\/wp\/v2\/pages\/238785","targetHints":{"allow":["GET"]}}],"collection":[{"href":"https:\/\/www.humanforhumanity.org\/tr\/wp-json\/wp\/v2\/pages"}],"about":[{"href":"https:\/\/www.humanforhumanity.org\/tr\/wp-json\/wp\/v2\/types\/page"}],"author":[{"embeddable":true,"href":"https:\/\/www.humanforhumanity.org\/tr\/wp-json\/wp\/v2\/users\/3"}],"replies":[{"embeddable":true,"href":"https:\/\/www.humanforhumanity.org\/tr\/wp-json\/wp\/v2\/comments?post=238785"}],"version-history":[{"count":0,"href":"https:\/\/www.humanforhumanity.org\/tr\/wp-json\/wp\/v2\/pages\/238785\/revisions"}],"wp:attachment":[{"href":"https:\/\/www.humanforhumanity.org\/tr\/wp-json\/wp\/v2\/media?parent=238785"}],"curies":[{"name":"wp","href":"https:\/\/api.w.org\/{rel}","templated":true}]}}