{"id":238779,"date":"2025-02-01T17:51:08","date_gmt":"2025-02-01T14:51:08","guid":{"rendered":"https:\/\/www.humanforhumanity.org\/projelerimiz\/"},"modified":"2025-04-05T16:53:37","modified_gmt":"2025-04-05T13:53:37","slug":"projelerimiz","status":"publish","type":"page","link":"https:\/\/www.humanforhumanity.org\/tr\/projelerimiz\/","title":{"rendered":"Projelerimiz"},"content":{"rendered":"<p>[et_pb_section fb_built=&#8221;1&#8243; admin_label=&#8221;Our Projects&#8221; _builder_version=&#8221;4.27.4&#8243; _module_preset=&#8221;_initial&#8221; background_color=&#8221;#FFFFFF&#8221; use_background_color_gradient=&#8221;on&#8221; background_color_gradient_stops=&#8221;gcid-d119accd-44d7-4f2f-b9d7-599c8463324b 0%|rgba(255,255,255,0) 25%|rgba(4,40,96,0.6) 75%|#042860 100%&#8221; background_color_gradient_overlays_image=&#8221;on&#8221; background_image=&#8221;https:\/\/www.humanforhumanity.org\/wp-content\/uploads\/2025\/01\/non-profit-03.jpg&#8221; locked=&#8221;off&#8221; collapsed=&#8221;on&#8221; global_colors_info=&#8221;{%22gcid-1f1bf5fb-a99d-4acc-8d9e-ddac074c158c%22:%91%22background_color_gradient_stops%22,%22background_color_gradient_stops%22%93,%22gcid-4c79ba3d-a281-4fb6-9b14-02f9a4c793f2%22:%91%22background_color_gradient_stops%22,%22background_color_gradient_stops%22%93,%22gcid-688c464a-d6f2-4296-b592-395352c71c79%22:%91%22background_color_gradient_stops%22,%22background_color_gradient_stops%22%93,%22gcid-d119accd-44d7-4f2f-b9d7-599c8463324b%22:%91%22background_color_gradient_stops%22,%22background_color_gradient_stops%22%93}&#8221;][et_pb_row _builder_version=&#8221;4.25.1&#8243; _module_preset=&#8221;default&#8221; global_colors_info=&#8221;{}&#8221;][et_pb_column type=&#8221;4_4&#8243; _builder_version=&#8221;4.25.1&#8243; _module_preset=&#8221;_initial&#8221; global_colors_info=&#8221;{}&#8221;][et_pb_heading title=&#8221;Projelerimiz&#8221; _builder_version=&#8221;4.27.4&#8243; _module_preset=&#8221;_initial&#8221; title_text_align=&#8221;center&#8221; title_font_size=&#8221;68px&#8221; title_line_height=&#8221;1.1em&#8221; custom_margin=&#8221;||10px||false|false&#8221; title_font_size_tablet=&#8221;40px&#8221; title_font_size_phone=&#8221;24px&#8221; title_font_size_last_edited=&#8221;on|desktop&#8221; global_colors_info=&#8221;{}&#8221;][\/et_pb_heading][\/et_pb_column][\/et_pb_row][et_pb_row _builder_version=&#8221;4.16&#8243; _module_preset=&#8221;default&#8221; global_colors_info=&#8221;{}&#8221;][et_pb_column type=&#8221;4_4&#8243; _builder_version=&#8221;4.16&#8243; _module_preset=&#8221;default&#8221; global_colors_info=&#8221;{}&#8221;][et_pb_blog fullwidth=&#8221;off&#8221; post_type=&#8221;project&#8221; posts_number=&#8221;9&#8243; meta_date=&#8221;F Y&#8221; show_more=&#8221;on&#8221; show_author=&#8221;off&#8221; show_categories=&#8221;off&#8221; module_class=&#8221;pa-blog-equal-height&#8221; _builder_version=&#8221;4.27.4&#8243; _module_preset=&#8221;default&#8221; header_font_size=&#8221;18px&#8221; header_line_height=&#8221;1.8em&#8221; body_line_height=&#8221;1.6em&#8221; meta_text_color=&#8221;#f48a3b&#8221; meta_font_size=&#8221;14px&#8221; read_more_font=&#8221;|600|||||||&#8221; pagination_text_color=&#8221;#f48a3b&#8221; pagination_font_size=&#8221;14px&#8221; pagination_letter_spacing=&#8221;2px&#8221; background_enable_color=&#8221;off&#8221; text_orientation=&#8221;left&#8221; header_font_last_edited=&#8221;off|desktop&#8221; header_font_size_tablet=&#8221;17px&#8221; header_font_size_phone=&#8221;16px&#8221; header_font_size_last_edited=&#8221;on|desktop&#8221; body_font_size_tablet=&#8221;14px&#8221; body_font_size_last_edited=&#8221;off|desktop&#8221; border_radii=&#8221;on|8px|8px|8px|8px&#8221; border_width_all=&#8221;0px&#8221; box_shadow_style=&#8221;preset3&#8243; box_shadow_vertical=&#8221;40px&#8221; box_shadow_blur=&#8221;60px&#8221; box_shadow_spread=&#8221;-10px&#8221; box_shadow_color=&#8221;rgba(0,0,0,0.15)&#8221; locked=&#8221;off&#8221; global_colors_info=&#8221;{}&#8221;][\/et_pb_blog][\/et_pb_column][\/et_pb_row][\/et_pb_section][et_pb_section fb_built=&#8221;1&#8243; admin_label=&#8221;Subscribe&#8221; _builder_version=&#8221;4.27.4&#8243; _module_preset=&#8221;default&#8221; background_color=&#8221;#ebebeb&#8221; collapsed=&#8221;on&#8221; global_colors_info=&#8221;{}&#8221;][et_pb_row _builder_version=&#8221;4.27.4&#8243; _module_preset=&#8221;default&#8221; hover_enabled=&#8221;0&#8243; global_colors_info=&#8221;{}&#8221; scroll_fade_enable=&#8221;on&#8221; scroll_fade=&#8221;30|65|65|100|0|100|100&#8243; motion_trigger_start=&#8221;top&#8221; sticky_enabled=&#8221;0&#8243;][et_pb_column type=&#8221;4_4&#8243; _builder_version=&#8221;4.27.4&#8243; _module_preset=&#8221;_initial&#8221; background_color=&#8221;#4b78bf&#8221; custom_padding=&#8221;30px|60px|30px|60px|true|true&#8221; custom_padding_tablet=&#8221;30px|30px|30px|30px|true|true&#8221; custom_padding_phone=&#8221;20px|20px|20px|20px|true|true&#8221; custom_padding_last_edited=&#8221;on|desktop&#8221; border_radii=&#8221;on|30px|30px|30px|30px&#8221; global_colors_info=&#8221;{}&#8221;][et_pb_signup mailchimp_list=&#8221;Mailchimp|9fc427331f&#8221; layout=&#8221;top_bottom&#8221; button_text=&#8221;ABONE OL&#8221; description=&#8221;<\/p>\n<p>Projelerimizin s\u00fcre\u00e7leri hakk\u0131nda bilgi almak i\u00e7in e-posta listemize abone olabilirsiniz.<\/p>\n<p>&#8221; admin_label=&#8221;Email Optin&#8221; _builder_version=&#8221;4.27.4&#8243; _module_preset=&#8221;_initial&#8221; form_field_background_color=&#8221;rgba(255,255,255,0.04)&#8221; form_field_text_color=&#8221;#FFFFFF&#8221; body_text_color=&#8221;#FFFFFF&#8221; body_font_size=&#8221;18px&#8221; body_line_height=&#8221;1.8em&#8221; form_field_font_size=&#8221;18px&#8221; form_field_line_height=&#8221;1.8em&#8221; use_background_color=&#8221;off&#8221; custom_button=&#8221;on&#8221; button_text_size=&#8221;14px&#8221; button_text_color=&#8221;#f48a3b&#8221; button_bg_color=&#8221;#FFFFFF&#8221; button_border_width=&#8221;1px&#8221; button_border_color=&#8221;#f48a3b&#8221; button_border_radius=&#8221;30px&#8221; button_letter_spacing=&#8221;2px&#8221; button_font=&#8221;|600|||||||&#8221; button_custom_padding=&#8221;15px|30px|15px|30px|true|true&#8221; text_orientation=&#8221;center&#8221; max_width=&#8221;700px&#8221; module_alignment=&#8221;center&#8221; header_font_size_tablet=&#8221;&#8221; header_font_size_phone=&#8221;&#8221; header_font_size_last_edited=&#8221;on|phone&#8221; body_font_size_tablet=&#8221;17px&#8221; body_font_size_phone=&#8221;16px&#8221; body_font_size_last_edited=&#8221;on|desktop&#8221; form_field_font_size_tablet=&#8221;17px&#8221; form_field_font_size_phone=&#8221;16px&#8221; form_field_font_size_last_edited=&#8221;on|desktop&#8221; border_radii_fields=&#8221;on|10px|10px|10px|10px&#8221; border_width_all_fields=&#8221;1px&#8221; border_color_all_fields=&#8221;rgba(255,255,255,0.12)&#8221; locked=&#8221;off&#8221; global_colors_info=&#8221;{%22gcid-d7cd5a78-aaef-4f36-82a3-4d3706015cba%22:%91%22link_text_color%22,%22link_text_color%22%93,%22gcid-1f1b4e15-7cc6-4e13-8154-74d77a956460%22:%91%22link_text_color%22,%22quote_text_color%22,%22quote_border_color%22,%22quote_text_color%22,%22quote_border_color%22,%22link_text_color%22,%22quote_border_color%22,%22link_text_color%22,%22quote_text_color%22,%22quote_border_color%22,%22link_text_color%22,%22quote_text_color%22%93}&#8221; link_font_size_tablet=&#8221;15px&#8221; link_font_size_phone=&#8221;14px&#8221; link_font_size_last_edited=&#8221;on|desktop&#8221; quote_font_size_tablet=&#8221;18px&#8221; quote_font_size_phone=&#8221;16px&#8221; quote_font_size_last_edited=&#8221;on|desktop&#8221; button_text_color__hover_enabled=&#8221;on|desktop&#8221; button_text_color__hover=&#8221;#FFFFFF&#8221; button_bg_color__hover_enabled=&#8221;on|hover&#8221; button_bg_color__hover=&#8221;#f48a3b&#8221; button_bg_enable_color__hover=&#8221;on&#8221;][\/et_pb_signup][\/et_pb_column][\/et_pb_row][\/et_pb_section]<\/p>\n","protected":false},"excerpt":{"rendered":"","protected":false},"author":3,"featured_media":0,"parent":0,"menu_order":14,"comment_status":"closed","ping_status":"closed","template":"","meta":{"_et_pb_use_builder":"on","_et_pb_old_content":"","_et_gb_content_width":"","footnotes":""},"class_list":["post-238779","page","type-page","status-publish","hentry"],"_links":{"self":[{"href":"https:\/\/www.humanforhumanity.org\/tr\/wp-json\/wp\/v2\/pages\/238779","targetHints":{"allow":["GET"]}}],"collection":[{"href":"https:\/\/www.humanforhumanity.org\/tr\/wp-json\/wp\/v2\/pages"}],"about":[{"href":"https:\/\/www.humanforhumanity.org\/tr\/wp-json\/wp\/v2\/types\/page"}],"author":[{"embeddable":true,"href":"https:\/\/www.humanforhumanity.org\/tr\/wp-json\/wp\/v2\/users\/3"}],"replies":[{"embeddable":true,"href":"https:\/\/www.humanforhumanity.org\/tr\/wp-json\/wp\/v2\/comments?post=238779"}],"version-history":[{"count":0,"href":"https:\/\/www.humanforhumanity.org\/tr\/wp-json\/wp\/v2\/pages\/238779\/revisions"}],"wp:attachment":[{"href":"https:\/\/www.humanforhumanity.org\/tr\/wp-json\/wp\/v2\/media?parent=238779"}],"curies":[{"name":"wp","href":"https:\/\/api.w.org\/{rel}","templated":true}]}}